{"id":1365,"date":"2020-07-21T22:11:59","date_gmt":"2020-07-21T22:11:59","guid":{"rendered":"http:\/\/themeshelby.com\/attarni\/?page_id=1365"},"modified":"2025-07-11T10:45:53","modified_gmt":"2025-07-11T08:45:53","slug":"services","status":"publish","type":"page","link":"https:\/\/aty-sas.com\/index.php\/services\/","title":{"rendered":"Services"},"content":{"rendered":"\t\t<div data-elementor-type=\"wp-page\" data-elementor-id=\"1365\" class=\"elementor elementor-1365\">\n\t\t\t\t\t\t<section class=\"elementor-section elementor-top-section elementor-element elementor-element-bf2706a elementor-section-stretched elementor-section-boxed elementor-section-height-default elementor-section-height-default cd-bg-color-transparent\" data-id=\"bf2706a\" data-element_type=\"section\" data-settings=\"{&quot;background_background&quot;:&quot;classic&quot;,&quot;stretch_section&quot;:&quot;section-stretched&quot;}\">\n\t\t\t\t\t\t\t<div class=\"elementor-background-overlay\"><\/div>\n\t\t\t\t\t\t\t<div class=\"elementor-container elementor-column-gap-default\">\n\t\t\t\t\t<div class=\"elementor-column elementor-col-100 elementor-top-column elementor-element elementor-element-100c78d cd-bg-color-transparent\" data-id=\"100c78d\" data-element_type=\"column\">\n\t\t\t<div class=\"elementor-widget-wrap elementor-element-populated\">\n\t\t\t\t\t\t<div class=\"elementor-element elementor-element-1ce90dd elementor-widget elementor-widget-hendy-services\" data-id=\"1ce90dd\" data-element_type=\"widget\" data-widget_type=\"hendy-services.default\">\n\t\t\t\t<div class=\"elementor-widget-container\">\n\t\t\t\t\t\t\t<div class=\"hkangles-elementor-widget hkangles_services_wrappers services-style-7 services-layout-grid hkangles-widget-sortable-\">\n\t\t\t\t\t\t<div class=\"row hkangles-elementor-widgets\">\r\n\t\t\t<div class=\"hkangles-ele col-xl-4 col-lg-4 col-md-6 col-sm-12 handyman hkangles-service-style-wrap\">\r\n\t\t\t<div class=\"hkangles-service-slide\">\n\t<div class=\"hkangles-service-wrapper\">\t\t\t\t\n\t\t<div class=\"hkangles-service-icon\">\n\t\t\t\t\t\t\t<i class=\"flaticon-electrician\"><\/i>\n\t\t\t\t\t<\/div>\n\t\t<div class=\"hkangles-service-content-cover\">\n\t\t\t<div class=\"hkangles-service-title-wrap\">\n\t\t\t\t<h3 class=\"hkangles-service-title\"><a href=\"https:\/\/aty-sas.com\/index.php\/services\/electricite\/\">\u00c9lectricit\u00e9<\/a><\/h3>\n\t\t\t<\/div>\n\t\t\t<div class=\"hkangles-service-content\">\t\t\t\t\t\t\n\t\t\t\t<p>Installation, r\u00e9novation et mise aux normes de vos installations \u00e9lectriques selon les standards NF C 15-100.<\/p>\n<div class=\"hkangles-list-wrapper\">\n<ul class=\"hkangles-list\">\n<li class=\"list-item\">\n<div class=\"hkangles-list-icon\"><i aria-hidden=\"true\" class=\"flaticon flaticon-check-mark\"><\/i><\/div>\n<p class=\"hkangles-list-info\"><a href=\"#\" target=\"_blank\" rel=\"nofollow noopener\">Bathroom Plumbing.<\/a><\/p>\n<\/li>\n<li class=\"list-item\">\n<div class=\"hkangles-list-icon\"><i aria-hidden=\"true\" class=\"flaticon flaticon-check-mark\"><\/i><\/div>\n<p class=\"hkangles-list-info\"><a href=\"#\" target=\"_blank\" rel=\"nofollow noopener\"> Gas Line Services<\/a><\/p>\n<\/li>\n<li class=\"list-item\">\n<div class=\"hkangles-list-icon\"><i aria-hidden=\"true\" class=\"flaticon flaticon-check-mark\"><\/i><\/div>\n<p class=\"hkangles-list-info\"><a href=\"#\" target=\"_blank\" rel=\"nofollow noopener\">Water Line Repair<\/a><\/p>\n<\/li>\n<\/ul>\n<\/div>\n\t\t\t<\/div>\n\t\t\t<div class=\"read-more-link\">\n\t\t\t\t<a href=\"https:\/\/aty-sas.com\/index.php\/services\/electricite\/\"><\/a>\n\t\t\t<\/div>\n\t\t<\/div>\n\t<\/div>\n<\/div>\n\t\t<\/div>\r\n\t\t\t\t<div class=\"hkangles-ele col-xl-4 col-lg-4 col-md-6 col-sm-12 plumber hkangles-service-style-wrap\">\r\n\t\t\t<div class=\"hkangles-service-slide\">\n\t<div class=\"hkangles-service-wrapper\">\t\t\t\t\n\t\t<div class=\"hkangles-service-icon\">\n\t\t\t\t\t\t\t<i class=\"flaticon-plumbing\"><\/i>\n\t\t\t\t\t<\/div>\n\t\t<div class=\"hkangles-service-content-cover\">\n\t\t\t<div class=\"hkangles-service-title-wrap\">\n\t\t\t\t<h3 class=\"hkangles-service-title\"><a href=\"https:\/\/aty-sas.com\/index.php\/services\/chauffage-sanitaire\/\">Chauffage\/Sanitaire<\/a><\/h3>\n\t\t\t<\/div>\n\t\t\t<div class=\"hkangles-service-content\">\t\t\t\t\t\t\n\t\t\t\t<p>Installation et entretien de vos \u00e9quipements sanitaires, chauffe-eau, chaudi\u00e8res et circuits de chauffage.<\/p>\n<div class=\"hkangles-list-wrapper\">\n<ul class=\"hkangles-list\">\n<li class=\"list-item\">\n<div class=\"hkangles-list-icon\"><i aria-hidden=\"true\" class=\"flaticon flaticon-check-mark\"><\/i><\/div>\n<p class=\"hkangles-list-info\"><a href=\"#\" target=\"_blank\" rel=\"nofollow noopener\">Basement Plumbing.<\/a><\/p>\n<\/li>\n<li class=\"list-item\">\n<div class=\"hkangles-list-icon\"><i aria-hidden=\"true\" class=\"flaticon flaticon-check-mark\"><\/i><\/div>\n<p class=\"hkangles-list-info\"><a href=\"#\" target=\"_blank\" rel=\"nofollow noopener\"> Root infested pipes<\/a><\/p>\n<\/li>\n<li class=\"list-item\">\n<div class=\"hkangles-list-icon\"><i aria-hidden=\"true\" class=\"flaticon flaticon-check-mark\"><\/i><\/div>\n<p class=\"hkangles-list-info\"><a href=\"#\" target=\"_blank\" rel=\"nofollow noopener\">Remodeling Service<\/a><\/p>\n<\/li>\n<\/ul>\n<\/div>\n\t\t\t<\/div>\n\t\t\t<div class=\"read-more-link\">\n\t\t\t\t<a href=\"https:\/\/aty-sas.com\/index.php\/services\/chauffage-sanitaire\/\"><\/a>\n\t\t\t<\/div>\n\t\t<\/div>\n\t<\/div>\n<\/div>\n\t\t<\/div>\r\n\t\t\t\t<div class=\"hkangles-ele col-xl-4 col-lg-4 col-md-6 col-sm-12 electrician hkangles-service-style-wrap\">\r\n\t\t\t<div class=\"hkangles-service-slide\">\n\t<div class=\"hkangles-service-wrapper\">\t\t\t\t\n\t\t<div class=\"hkangles-service-icon\">\n\t\t\t\t\t\t\t<i class=\"flaticon-plumber\"><\/i>\n\t\t\t\t\t<\/div>\n\t\t<div class=\"hkangles-service-content-cover\">\n\t\t\t<div class=\"hkangles-service-title-wrap\">\n\t\t\t\t<h3 class=\"hkangles-service-title\"><a href=\"https:\/\/aty-sas.com\/index.php\/services\/cle-en-main\/\">Cl\u00e9 en main<\/a><\/h3>\n\t\t\t<\/div>\n\t\t\t<div class=\"hkangles-service-content\">\t\t\t\t\t\t\n\t\t\t\t<p>Un accompagnement complet de A \u00e0 Z : \u00e9tude, r\u00e9alisation et livraison de votre projet pr\u00eat \u00e0 l\u2019usage.<\/p>\n<div class=\"hkangles-list-wrapper\">\n<ul class=\"hkangles-list\">\n<li class=\"list-item\">\n<div class=\"hkangles-list-icon\"><i aria-hidden=\"true\" class=\"flaticon flaticon-check-mark\"><\/i><\/div>\n<p class=\"hkangles-list-info\"><a href=\"#\" target=\"_blank\" rel=\"nofollow noopener\">Years of mineral built up.<\/a><\/p>\n<\/li>\n<li class=\"list-item\">\n<div class=\"hkangles-list-icon\"><i aria-hidden=\"true\" class=\"flaticon flaticon-check-mark\"><\/i><\/div>\n<p class=\"hkangles-list-info\"><a href=\"#\" target=\"_blank\" rel=\"nofollow noopener\"> Root infested pipes<\/a><\/p>\n<\/li>\n<li class=\"list-item\">\n<div class=\"hkangles-list-icon\"><i aria-hidden=\"true\" class=\"flaticon flaticon-check-mark\"><\/i><\/div>\n<p class=\"hkangles-list-info\"><a href=\"#\" target=\"_blank\" rel=\"nofollow noopener\">Foreign objects<\/a><\/p>\n<\/li>\n<\/ul>\n<\/div>\n\t\t\t<\/div>\n\t\t\t<div class=\"read-more-link\">\n\t\t\t\t<a href=\"https:\/\/aty-sas.com\/index.php\/services\/cle-en-main\/\"><\/a>\n\t\t\t<\/div>\n\t\t<\/div>\n\t<\/div>\n<\/div>\n\t\t<\/div>\r\n\t\t<\/div>\r\n\t\t<\/div>\n\t\t\t\t\t\t<\/div>\n\t\t\t\t<\/div>\n\t\t\t\t\t<\/div>\n\t\t<\/div>\n\t\t\t\t\t<\/div>\n\t\t<\/section>\n\t\t\t\t<\/div>\n\t\t","protected":false},"excerpt":{"rendered":"<p>\u00c9lectricit\u00e9 Installation, r\u00e9novation et mise aux normes de vos installations \u00e9lectriques selon les standards NF C 15-100. Bathroom Plumbing. Gas Line Services Water Line Repair Chauffage\/Sanitaire Installation et entretien de vos \u00e9quipements sanitaires, chauffe-eau, chaudi\u00e8res et circuits de chauffage. Basement Plumbing. Root infested pipes Remodeling Service Cl\u00e9 en main Un accompagnement complet de A \u00e0 [&hellip;]<\/p>\n","protected":false},"author":2,"featured_media":0,"parent":0,"menu_order":13,"comment_status":"closed","ping_status":"closed","template":"","meta":{"footnotes":""},"class_list":["post-1365","page","type-page","status-publish","hentry"],"_links":{"self":[{"href":"https:\/\/aty-sas.com\/index.php\/wp-json\/wp\/v2\/pages\/1365","targetHints":{"allow":["GET"]}}],"collection":[{"href":"https:\/\/aty-sas.com\/index.php\/wp-json\/wp\/v2\/pages"}],"about":[{"href":"https:\/\/aty-sas.com\/index.php\/wp-json\/wp\/v2\/types\/page"}],"author":[{"embeddable":true,"href":"https:\/\/aty-sas.com\/index.php\/wp-json\/wp\/v2\/users\/2"}],"replies":[{"embeddable":true,"href":"https:\/\/aty-sas.com\/index.php\/wp-json\/wp\/v2\/comments?post=1365"}],"version-history":[{"count":14,"href":"https:\/\/aty-sas.com\/index.php\/wp-json\/wp\/v2\/pages\/1365\/revisions"}],"predecessor-version":[{"id":21799,"href":"https:\/\/aty-sas.com\/index.php\/wp-json\/wp\/v2\/pages\/1365\/revisions\/21799"}],"wp:attachment":[{"href":"https:\/\/aty-sas.com\/index.php\/wp-json\/wp\/v2\/media?parent=1365"}],"curies":[{"name":"wp","href":"https:\/\/api.w.org\/{rel}","templated":true}]}}