{"id":21539,"date":"2025-10-17T16:54:43","date_gmt":"2025-10-17T14:54:43","guid":{"rendered":"https:\/\/aty-sas.com\/?page_id=21539"},"modified":"2025-12-09T10:55:54","modified_gmt":"2025-12-09T09:55:54","slug":"cle-en-main","status":"publish","type":"page","link":"https:\/\/aty-sas.com\/index.php\/cle-en-main\/","title":{"rendered":"Cl\u00e9 en main"},"content":{"rendered":"\t\t<div data-elementor-type=\"wp-page\" data-elementor-id=\"21539\" class=\"elementor elementor-21539\">\n\t\t\t\t\t\t<section class=\"elementor-section elementor-top-section elementor-element elementor-element-4cb7944 elementor-section-boxed elementor-section-height-default elementor-section-height-default cd-bg-color-transparent\" data-id=\"4cb7944\" data-element_type=\"section\">\n\t\t\t\t\t\t<div class=\"elementor-container elementor-column-gap-default\">\n\t\t\t\t\t<div class=\"elementor-column elementor-col-100 elementor-top-column elementor-element elementor-element-4c38bf7 cd-bg-color-transparent\" data-id=\"4c38bf7\" data-element_type=\"column\">\n\t\t\t<div class=\"elementor-widget-wrap elementor-element-populated\">\n\t\t\t\t\t\t<div class=\"elementor-element elementor-element-7c5252b elementor-widget elementor-widget-hendy-projects\" data-id=\"7c5252b\" data-element_type=\"widget\" data-widget_type=\"hendy-projects.default\">\n\t\t\t\t<div class=\"elementor-widget-container\">\n\t\t\t\t\t\t\t<div class=\"hkangles-elementor-widget hkangles_projects_wrapper projects-style-2 projects-layout-grid hkangles-widget-sortable-\">\n\t\t\t\t\t\t<div class=\"row hkangles-elementor-widgets\">\r\n\t\t\t<div class=\"hkangles-ele col-xl-4 col-lg-4 col-md-6 col-sm-12 cle-en-main\">\r\n\t\t\t<div class=\"hkangles-project-slide\">\t\t\t\t\r\n\t<div class=\"hkangles-project-thumbnail-wrapper\">\r\n\t\t\t\t<div class=\"hkangles-project-image-container\">\r\n\t\t\t\t\t\t\t<img decoding=\"async\" class=\"project-image\" src=\"https:\/\/aty-sas.com\/wp-content\/uploads\/2025\/11\/Image29-e1764078056311-600x600.jpg\" alt=\"R\u00e9novation d&#039;un d\u00e9p\u00f4t\">\r\n\t\t\t\t\t\t<\/div>\r\n\t<\/div>\r\n\t<div class=\"hkangles-project-content-cover d-flex align-items-end\">\r\n\t\t<div class=\"hkangles-project-content-inner\">\r\n\t\t\t<div class=\"hkangles-project-title-wrap\">\r\n\t\t\t\t\t\t\t\t\t<span class=\"hkangles-project-category\">\r\n\t\t\t\t\t\tCl\u00e9 en main\t\t\t\t\t<\/span>\r\n\t\t\t\t\t\t\t\t\t<h3 class=\"hkangles-project-title\"><a href=\"https:\/\/aty-sas.com\/index.php\/realisations\/renovation-2\/\">R\u00e9novation d&#039;un d\u00e9p\u00f4t<\/a><\/h3>\r\n\t\t\t<\/div>\r\n\t\t<\/div>\r\n\t<\/div>\r\n<\/div>\t\t<\/div>\r\n\t\t\t\t<div class=\"hkangles-ele col-xl-4 col-lg-4 col-md-6 col-sm-12 cle-en-main\">\r\n\t\t\t<div class=\"hkangles-project-slide\">\t\t\t\t\r\n\t<div class=\"hkangles-project-thumbnail-wrapper\">\r\n\t\t\t\t<div class=\"hkangles-project-image-container\">\r\n\t\t\t\t\t\t\t<img decoding=\"async\" class=\"project-image\" src=\"https:\/\/aty-sas.com\/wp-content\/uploads\/2020\/06\/WhatsApp-Image-2025-12-02-at-09.26.51-600x600.jpeg\" alt=\"R\u00e9novation d&#039;une salle de bains\">\r\n\t\t\t\t\t\t<\/div>\r\n\t<\/div>\r\n\t<div class=\"hkangles-project-content-cover d-flex align-items-end\">\r\n\t\t<div class=\"hkangles-project-content-inner\">\r\n\t\t\t<div class=\"hkangles-project-title-wrap\">\r\n\t\t\t\t\t\t\t\t\t<span class=\"hkangles-project-category\">\r\n\t\t\t\t\t\tCl\u00e9 en main\t\t\t\t\t<\/span>\r\n\t\t\t\t\t\t\t\t\t<h3 class=\"hkangles-project-title\"><a href=\"https:\/\/aty-sas.com\/index.php\/realisations\/faucet-installation\/\">R\u00e9novation d&#039;une salle de bains<\/a><\/h3>\r\n\t\t\t<\/div>\r\n\t\t<\/div>\r\n\t<\/div>\r\n<\/div>\t\t<\/div>\r\n\t\t<\/div>\t\t<\/div>\n\t\t\t\t\t\t<\/div>\n\t\t\t\t<\/div>\n\t\t\t\t\t<\/div>\n\t\t<\/div>\n\t\t\t\t\t<\/div>\n\t\t<\/section>\n\t\t\t\t<\/div>\n\t\t","protected":false},"excerpt":{"rendered":"<p>Cl\u00e9 en main R\u00e9novation compl\u00e8te<\/p>\n","protected":false},"author":2,"featured_media":0,"parent":0,"menu_order":0,"comment_status":"closed","ping_status":"closed","template":"","meta":{"footnotes":""},"class_list":["post-21539","page","type-page","status-publish","hentry"],"_links":{"self":[{"href":"https:\/\/aty-sas.com\/index.php\/wp-json\/wp\/v2\/pages\/21539","targetHints":{"allow":["GET"]}}],"collection":[{"href":"https:\/\/aty-sas.com\/index.php\/wp-json\/wp\/v2\/pages"}],"about":[{"href":"https:\/\/aty-sas.com\/index.php\/wp-json\/wp\/v2\/types\/page"}],"author":[{"embeddable":true,"href":"https:\/\/aty-sas.com\/index.php\/wp-json\/wp\/v2\/users\/2"}],"replies":[{"embeddable":true,"href":"https:\/\/aty-sas.com\/index.php\/wp-json\/wp\/v2\/comments?post=21539"}],"version-history":[{"count":84,"href":"https:\/\/aty-sas.com\/index.php\/wp-json\/wp\/v2\/pages\/21539\/revisions"}],"predecessor-version":[{"id":21930,"href":"https:\/\/aty-sas.com\/index.php\/wp-json\/wp\/v2\/pages\/21539\/revisions\/21930"}],"wp:attachment":[{"href":"https:\/\/aty-sas.com\/index.php\/wp-json\/wp\/v2\/media?parent=21539"}],"curies":[{"name":"wp","href":"https:\/\/api.w.org\/{rel}","templated":true}]}}