{"id":55,"date":"2025-07-01T13:01:27","date_gmt":"2025-07-01T11:01:27","guid":{"rendered":"http:\/\/aty-sas.com\/?page_id=55"},"modified":"2026-02-02T13:35:04","modified_gmt":"2026-02-02T12:35:04","slug":"electricite","status":"publish","type":"page","link":"https:\/\/aty-sas.com\/index.php\/electricite\/","title":{"rendered":"\u00c9lectricit\u00e9"},"content":{"rendered":"\t\t<div data-elementor-type=\"wp-page\" data-elementor-id=\"55\" class=\"elementor elementor-55\">\n\t\t\t\t\t\t<section class=\"elementor-section elementor-top-section elementor-element elementor-element-e3f4434 elementor-section-boxed elementor-section-height-default elementor-section-height-default cd-bg-color-transparent\" data-id=\"e3f4434\" data-element_type=\"section\">\n\t\t\t\t\t\t<div class=\"elementor-container elementor-column-gap-default\">\n\t\t\t\t\t<div class=\"elementor-column elementor-col-100 elementor-top-column elementor-element elementor-element-1782e60 cd-bg-color-transparent\" data-id=\"1782e60\" data-element_type=\"column\">\n\t\t\t<div class=\"elementor-widget-wrap elementor-element-populated\">\n\t\t\t\t\t\t<div class=\"elementor-element elementor-element-3a239f9 elementor-widget elementor-widget-text-editor\" data-id=\"3a239f9\" data-element_type=\"widget\" data-widget_type=\"text-editor.default\">\n\t\t\t\t\t\t\t\t\t<div id=\"chauf&#038;san\"><\/div>\t\t\t\t\t\t\t\t<\/div>\n\t\t\t\t<div class=\"elementor-element elementor-element-f58847b elementor-widget elementor-widget-hendy-projects\" data-id=\"f58847b\" data-element_type=\"widget\" data-widget_type=\"hendy-projects.default\">\n\t\t\t\t<div class=\"elementor-widget-container\">\n\t\t\t\t\t\t\t<div class=\"hkangles-elementor-widget hkangles_projects_wrapper projects-style-2 projects-layout-grid hkangles-widget-sortable-\">\n\t\t\t\t\t\t<div class=\"row hkangles-elementor-widgets\">\r\n\t\t\t<div class=\"hkangles-ele col-xl-4 col-lg-4 col-md-6 col-sm-12 electricite\">\r\n\t\t\t<div class=\"hkangles-project-slide\">\t\t\t\t\r\n\t<div class=\"hkangles-project-thumbnail-wrapper\">\r\n\t\t\t\t<div class=\"hkangles-project-image-container\">\r\n\t\t\t\t\t\t\t<img decoding=\"async\" class=\"project-image\" src=\"https:\/\/aty-sas.com\/wp-content\/uploads\/2025\/11\/Image6-600x600.jpg\" alt=\"Issenheim\">\r\n\t\t\t\t\t\t<\/div>\r\n\t<\/div>\r\n\t<div class=\"hkangles-project-content-cover d-flex align-items-end\">\r\n\t\t<div class=\"hkangles-project-content-inner\">\r\n\t\t\t<div class=\"hkangles-project-title-wrap\">\r\n\t\t\t\t\t\t\t\t\t<span class=\"hkangles-project-category\">\r\n\t\t\t\t\t\tElectricit\u00e9\t\t\t\t\t<\/span>\r\n\t\t\t\t\t\t\t\t\t<h3 class=\"hkangles-project-title\"><a href=\"https:\/\/aty-sas.com\/index.php\/realisations\/issenheim\/\">Issenheim<\/a><\/h3>\r\n\t\t\t<\/div>\r\n\t\t<\/div>\r\n\t<\/div>\r\n<\/div>\t\t<\/div>\r\n\t\t\t\t<div class=\"hkangles-ele col-xl-4 col-lg-4 col-md-6 col-sm-12 electricite\">\r\n\t\t\t<div class=\"hkangles-project-slide\">\t\t\t\t\r\n\t<div class=\"hkangles-project-thumbnail-wrapper\">\r\n\t\t\t\t<div class=\"hkangles-project-image-container\">\r\n\t\t\t\t\t\t\t<img decoding=\"async\" class=\"project-image\" src=\"https:\/\/aty-sas.com\/wp-content\/uploads\/2025\/11\/Image23-600x600.jpg\" alt=\"B\u00e9thencourt\">\r\n\t\t\t\t\t\t<\/div>\r\n\t<\/div>\r\n\t<div class=\"hkangles-project-content-cover d-flex align-items-end\">\r\n\t\t<div class=\"hkangles-project-content-inner\">\r\n\t\t\t<div class=\"hkangles-project-title-wrap\">\r\n\t\t\t\t\t\t\t\t\t<span class=\"hkangles-project-category\">\r\n\t\t\t\t\t\tElectricit\u00e9\t\t\t\t\t<\/span>\r\n\t\t\t\t\t\t\t\t\t<h3 class=\"hkangles-project-title\"><a href=\"https:\/\/aty-sas.com\/index.php\/realisations\/montbeliard\/\">B\u00e9thencourt<\/a><\/h3>\r\n\t\t\t<\/div>\r\n\t\t<\/div>\r\n\t<\/div>\r\n<\/div>\t\t<\/div>\r\n\t\t\t\t<div class=\"hkangles-ele col-xl-4 col-lg-4 col-md-6 col-sm-12 electricite\">\r\n\t\t\t<div class=\"hkangles-project-slide\">\t\t\t\t\r\n\t<div class=\"hkangles-project-thumbnail-wrapper\">\r\n\t\t\t\t<div class=\"hkangles-project-image-container\">\r\n\t\t\t\t\t\t\t<img decoding=\"async\" class=\"project-image\" src=\"https:\/\/aty-sas.com\/wp-content\/uploads\/2025\/11\/Image30-e1765274600172-600x600.jpg\" alt=\"Installation compl\u00e8te d&#039;un tableau\">\r\n\t\t\t\t\t\t<\/div>\r\n\t<\/div>\r\n\t<div class=\"hkangles-project-content-cover d-flex align-items-end\">\r\n\t\t<div class=\"hkangles-project-content-inner\">\r\n\t\t\t<div class=\"hkangles-project-title-wrap\">\r\n\t\t\t\t\t\t\t\t\t<span class=\"hkangles-project-category\">\r\n\t\t\t\t\t\tElectricit\u00e9\t\t\t\t\t<\/span>\r\n\t\t\t\t\t\t\t\t\t<h3 class=\"hkangles-project-title\"><a href=\"https:\/\/aty-sas.com\/index.php\/realisations\/installation-complete-dun-tableau-electrique\/\">Installation compl\u00e8te d&#039;un tableau<\/a><\/h3>\r\n\t\t\t<\/div>\r\n\t\t<\/div>\r\n\t<\/div>\r\n<\/div>\t\t<\/div>\r\n\t\t<\/div>\t\t<\/div>\n\t\t\t\t\t\t<\/div>\n\t\t\t\t<\/div>\n\t\t\t\t\t<\/div>\n\t\t<\/div>\n\t\t\t\t\t<\/div>\n\t\t<\/section>\n\t\t\t\t<\/div>\n\t\t","protected":false},"excerpt":{"rendered":"<p>Electricit\u00e9 Issenheim Electricit\u00e9 B\u00e9thencourt Electricit\u00e9 Installation compl\u00e8te d&#039;un tableau \u00e9lectrique<\/p>\n","protected":false},"author":2,"featured_media":0,"parent":0,"menu_order":0,"comment_status":"closed","ping_status":"closed","template":"","meta":{"footnotes":""},"class_list":["post-55","page","type-page","status-publish","hentry"],"_links":{"self":[{"href":"https:\/\/aty-sas.com\/index.php\/wp-json\/wp\/v2\/pages\/55","targetHints":{"allow":["GET"]}}],"collection":[{"href":"https:\/\/aty-sas.com\/index.php\/wp-json\/wp\/v2\/pages"}],"about":[{"href":"https:\/\/aty-sas.com\/index.php\/wp-json\/wp\/v2\/types\/page"}],"author":[{"embeddable":true,"href":"https:\/\/aty-sas.com\/index.php\/wp-json\/wp\/v2\/users\/2"}],"replies":[{"embeddable":true,"href":"https:\/\/aty-sas.com\/index.php\/wp-json\/wp\/v2\/comments?post=55"}],"version-history":[{"count":21,"href":"https:\/\/aty-sas.com\/index.php\/wp-json\/wp\/v2\/pages\/55\/revisions"}],"predecessor-version":[{"id":21968,"href":"https:\/\/aty-sas.com\/index.php\/wp-json\/wp\/v2\/pages\/55\/revisions\/21968"}],"wp:attachment":[{"href":"https:\/\/aty-sas.com\/index.php\/wp-json\/wp\/v2\/media?parent=55"}],"curies":[{"name":"wp","href":"https:\/\/api.w.org\/{rel}","templated":true}]}}